{"id":8883,"date":"2025-12-03T12:02:47","date_gmt":"2025-12-03T11:02:47","guid":{"rendered":"https:\/\/www.kavur.hr\/?post_type=product&#038;p=8883"},"modified":"2025-12-03T14:19:59","modified_gmt":"2025-12-03T13:19:59","slug":"quest","status":"publish","type":"product","link":"http:\/\/www.kavur.hr\/hr\/proizvod\/quest\/","title":{"rendered":"Quest"},"content":{"rendered":"<div class=\"sfContentBlock\">\n<div class=\"container\">\n<div class=\"panel-group\">\n<div class=\"panel panel-default\">\n<div id=\"collapseAt-One\" class=\"panel-collapse collapse in\" aria-expanded=\"true\">\n<div class=\"panel-body\">\n<div class=\"sf_cols\">\n<div class=\"sf_colsOut sf_1col_1_100\"><span class=\"HwtZe\" lang=\"hr\"><span class=\"jCAhz ChMk0b\"><span class=\"ryNqvb\">Quest <\/span><\/span><\/span><\/div>\n<div class=\"sf_colsOut sf_1col_1_100\"><span class=\"HwtZe\" lang=\"hr\"><span class=\"jCAhz ChMk0b\"><span class=\"ryNqvb\">Elegantnog modernog dizajna, kundak Quest Precision Grade opremljen je kombinacijom pobolj\u0161anog hibridnog sigurnog hvata za palac kako bi odgovarao svim strijelcima, polu-beavertail prednjeg dijela s dijagonalno izrezanim otvorima za ventilaciju cijevi\u00a0<\/span><\/span><\/span><\/div>\n<div class=\"sf_colsOut sf_1col_1_100\"><span class=\"HwtZe\" lang=\"hr\"><span class=\"jCAhz ChMk0b\"><span class=\"ryNqvb\">Ova kombinacija dizajna pobolj\u0161at \u0107e va\u0161e iskustvo ga\u0111anja, bez obzira na va\u0161 stil ga\u0111anja.<\/span><\/span><\/span><\/div>\n<div class=\"sf_colsOut sf_1col_1_100\"><span class=\"HwtZe\" lang=\"hr\"><span class=\"jCAhz ChMk0b\"><span class=\"ryNqvb\">Gumena podloga za trzaj u obliku ko\u017ee za neklizaju\u0107e rame.<\/span><\/span><\/span><\/div>\n<div class=\"sf_colsOut sf_1col_1_100\"><span class=\"HwtZe\" lang=\"hr\"><span class=\"jCAhz ChMk0b\"><span class=\"ryNqvb\">Laboratorijski satenska zavr\u0161na obrada &#8211; dokazano otporna na kemijska o\u0161te\u0107enja i grubo rukovanje.<\/span><\/span><\/span><\/div>\n<div class=\"sf_colsOut sf_1col_1_100\"><span class=\"HwtZe\" lang=\"hr\"><span class=\"jCAhz ChMk0b\"><span class=\"ryNqvb\"> Fiksna duljina kundaka\u00a0 33,5 cm s podlogom\u00a0 Kick-eez od 2,5 cm <\/span><\/span><\/span><\/div>\n<div class=\"sf_colsOut sf_1col_1_100\"><span class=\"HwtZe\" lang=\"hr\"><span class=\"jCAhz ChMk0b\"><span class=\"ryNqvb\">Ukupna duljina: 79,5 cm <\/span><\/span><\/span><\/div>\n<div class=\"sf_colsOut sf_1col_1_100\"><span class=\"HwtZe\" lang=\"hr\"><span class=\"jCAhz ChMk0b\"><span class=\"ryNqvb\">Pribli\u017ena te\u017eina: 1,1 kg<\/span><\/span><\/span><\/div>\n<\/div>\n<\/div>\n<\/div>\n<\/div>\n<\/div>\n<\/div>\n<\/div>\n<div><\/div>\n<div><\/div>\n<div>\n<div>\n<div>\n<p class=\"lead\">Ultimate Control, Unmatched Comfort: The <strong><em>Quest<\/em><\/strong><em>\u2122<\/em><em>\u00a0Precision Grade Gunstock<\/em> from <strong><em>Boyds<\/em><\/strong>\u00ae.<\/p>\n<\/div>\n<\/div>\n<div id=\"Contentplaceholder1_C112_Col00\" class=\"sf_colsIn container\" data-sf-element=\"Container\" data-placeholder-label=\"Container\">\n<div>\n<div>\n<p>The <strong>Quest<\/strong>\u2122<strong>\u00a0<\/strong>gunstock, like every Boyds gunstock,\u00a0is built to perform and made to last. And, it\u2019s engineered with the features that shooters and hunters want.<\/p>\n<\/div>\n<\/div>\n<div class=\"spacer-widget\"><\/div>\n<p><img decoding=\"async\" title=\"Quest Gunstock Features\" src=\"https:\/\/www.boydsgunstocks.com\/images\/default-source\/quest\/quest-features.png?sfvrsn=b03c06a_8\" alt=\"Quest Gunstock Features\" \/><\/p>\n<div class=\"spacer-widget\"><\/div>\n<div id=\"Contentplaceholder1_C107_Col00\" class=\"sf_colsIn container\" data-sf-element=\"Container\" data-placeholder-label=\"Container\">\n<div class=\"row\" data-sf-element=\"Row\">\n<div id=\"Contentplaceholder1_C016_Col00\" class=\"sf_colsIn col-md-4\" data-sf-element=\"Column 1\" data-placeholder-label=\"Column 1\">\n<div class=\"sfimageWrp\"><img decoding=\"async\" id=\"Contentplaceholder1_C209_ctl00_ctl00_imageItem\" title=\"Quest-Logo\" src=\"https:\/\/www.boydsgunstocks.com\/images\/default-source\/quest\/quest-logo.png?sfvrsn=6caad96a_4\" alt=\"Quest-Logo\" \/><\/div>\n<div>\n<div>\n<p>The <strong>Quest<\/strong>\u00a0was designed strategically with form and function in mind. The first of Boyds stock shapes to feature both a shooting bag cutout and an ambidextrous thumbhole!<\/p>\n<\/div>\n<\/div>\n<\/div>\n<div id=\"Contentplaceholder1_C016_Col01\" class=\"sf_colsIn col-md-8\" data-sf-element=\"Column 2\" data-placeholder-label=\"Column 2\">\n<div class=\"row\" data-sf-element=\"Row\">\n<div id=\"Contentplaceholder1_C142_Col00\" class=\"sf_colsIn col-sm-6 feature-list\" data-sf-element=\"Column 1\" data-placeholder-label=\"Column 1\">\n<div>\n<div>\n<ul>\n<li style=\"list-style-type: none;\">\n<ul>\n<li><strong><span class=\"numCircle1\">1<\/span>\u00a0short monte carlo comb <\/strong><\/li>\n<\/ul>\n<\/li>\n<\/ul>\n<ul>\n<li style=\"list-style-type: none;\">\n<ul>\n<li><strong><a href=\"https:\/\/www.boydsgunstocks.com\/resources\/quest#two\"><span class=\"numCircle\">2<\/span> <\/a>A<\/strong><strong>MBIDEXTROUS THUMBHOLE<\/strong><\/li>\n<\/ul>\n<\/li>\n<\/ul>\n<ul>\n<li style=\"list-style-type: none;\">\n<ul>\n<li><strong><span class=\"numCircle1\">3<\/span>\u00a0DIAGONALLY vented barrel<\/strong><\/li>\n<\/ul>\n<\/li>\n<\/ul>\n<\/div>\n<\/div>\n<\/div>\n<div id=\"Contentplaceholder1_C142_Col01\" class=\"sf_colsIn col-sm-6 feature-list\" data-sf-element=\"Column 2\" data-placeholder-label=\"Column 2\">\n<div>\n<div>\n<ul>\n<li style=\"list-style-type: none;\">\n<ul>\n<li><strong><span class=\"numCircle\">4<\/span>\u00a0SLING SWIVEL STUDS<\/strong><\/li>\n<\/ul>\n<\/li>\n<\/ul>\n<ul>\n<li><strong><span class=\"numCircle1\">5<\/span> SHOOTING BAG CUT OUT<\/strong><\/li>\n<\/ul>\n<\/div>\n<\/div>\n<\/div>\n<\/div>\n<\/div>\n<\/div>\n<\/div>\n<div id=\"Contentplaceholder1_C020_Col00\" class=\"sf_colsIn container\" data-sf-element=\"Container\" data-placeholder-label=\"Container\">\n<div class=\"spacer-widget\"><\/div>\n<div class=\"row\" data-sf-element=\"Row\">\n<div id=\"Contentplaceholder1_C029_Col00\" class=\"sf_colsIn col-sm-6\" data-sf-element=\"Column 1\" data-placeholder-label=\"Column 1\">\n<p><img decoding=\"async\" title=\"QUEST SHORT MONTE CARLO COMB\" src=\"https:\/\/www.boydsgunstocks.com\/images\/default-source\/quest\/short-monte-carlo-comb-feature.png?sfvrsn=4e95d66a_0\" alt=\"QUEST SHORT MONTE CARLO COMB\" \/><\/p>\n<div>\n<div>\n<h3><strong>1<\/strong>\u00a0SHORT<strong> monte carlo <\/strong>comb<\/h3>\n<p class=\"lead\">Allows for proper cheek weld, with a more natural and comfortable head position ensuring rapid target acquisition<\/p>\n<\/div>\n<\/div>\n<\/div>\n<div id=\"Contentplaceholder1_C029_Col01\" class=\"sf_colsIn col-sm-6\" data-sf-element=\"Column 2\" data-placeholder-label=\"Column 2\">\n<p><img decoding=\"async\" title=\"Quest Ambidextrous Thumbhole\" src=\"https:\/\/www.boydsgunstocks.com\/images\/default-source\/quest\/ambidextrous-thumbhole-quest.png?sfvrsn=c148c16a_2\" alt=\"Quest Ambidextrous Thumbhole\" \/><\/p>\n<div>\n<div>\n<h3><a name=\"one\"><\/a><strong>2<\/strong>\u00a0AMBIDEXTROUS <strong>THUMBHOLE<\/strong><\/h3>\n<p class=\"lead\">To accommodate all shooters, both left-handed and right-handed, while offering a sure grip, for stability and comfort<\/p>\n<\/div>\n<\/div>\n<\/div>\n<\/div>\n<div class=\"spacer-widget\"><\/div>\n<div id=\"Contentplaceholder1_C025_Col00\" class=\"sf_colsIn container\" data-sf-element=\"Container\" data-placeholder-label=\"Container\">\n<div class=\"row\" data-sf-element=\"Row\">\n<div id=\"Contentplaceholder1_C050_Col00\" class=\"sf_colsIn col-md-6\" data-sf-element=\"Column 1\" data-placeholder-label=\"Column 1\">\n<p><img decoding=\"async\" title=\"Quest Diagonally Vented Barrel\" src=\"https:\/\/www.boydsgunstocks.com\/images\/default-source\/quest\/diagonally-vented-barrel.png?sfvrsn=3f48c16a_2\" alt=\"Quest Diagonally Vented Barrel\" \/><\/p>\n<div>\n<div>\n<h3><strong><a name=\"three\"><\/a>3\u00a0<\/strong>DIAGONALLY<strong>\u00a0VENTED BARREL<\/strong><\/h3>\n<p class=\"lead\">This semi-beavertail forend allows the free floating barrel to cool efficiently during those long days at the range, by aiding in rapid heat dissipation for continued accuracy<\/p>\n<\/div>\n<\/div>\n<\/div>\n<div id=\"Contentplaceholder1_C050_Col01\" class=\"sf_colsIn col-md-6\" data-sf-element=\"Column 2\" data-placeholder-label=\"Column 2\">\n<p><img decoding=\"async\" title=\"Quest Swivel Studs\" src=\"https:\/\/www.boydsgunstocks.com\/images\/default-source\/quest\/quest-swivel-stud-feature.png?sfvrsn=1749c16a_2\" alt=\"Quest Swivel Studs\" \/><\/p>\n<div>\n<div>\n<h3><strong><a name=\"four\"><\/a>4 <\/strong>SLING<strong> SWIVEL STUDS\u00a0<\/strong><\/h3>\n<p class=\"lead\">Front and rear swivel studs for your favorite sling, placed with optimal balance in mind<\/p>\n<\/div>\n<\/div>\n<\/div>\n<\/div>\n<div class=\"spacer-widget\"><\/div>\n<p><img decoding=\"async\" title=\"Quest Shooting Bag Cutout\" src=\"https:\/\/www.boydsgunstocks.com\/images\/default-source\/quest\/shooting-bag-cutout.png?sfvrsn=9148c16a_2\" alt=\"Quest Shooting Bag Cutout\" \/><\/p>\n<div>\n<div>\n<h3><strong><a name=\"four\"><\/a>5 <\/strong><strong>SHOOTING BAG <\/strong>CUT OUT<\/h3>\n<p class=\"lead\">A dual purpose butt hook which allows for greater control of the stock and firearm, with your non-trigger hand, and allows for a better grip on the rear bag when shooting from the bench<\/p>\n<\/div>\n<\/div>\n<\/div>\n<\/div>\n<div class=\"spacer-widget\"><\/div>\n<\/div>\n<\/div>\n<div class=\"sfContentBlock\">\n<div class=\"container\">\n<div class=\"panel-group\">\n<div class=\"panel panel-default\">\n<div><\/div>\n<\/div>\n<\/div>\n<\/div>\n<\/div>\n","protected":false},"excerpt":{"rendered":"<p>Quest Elegantnog modernog dizajna, kundak Quest Precision Grade opremljen je kombinacijom pobolj\u0161anog hibridnog sigurnog hvata za palac kako bi odgovarao svim strijelcima, polu-beavertail prednjeg dijela s dijagonalno izrezanim otvorima za ventilaciju cijevi\u00a0 Ova kombinacija dizajna pobolj\u0161at \u0107e va\u0161e iskustvo ga\u0111anja, bez obzira na va\u0161 stil ga\u0111anja. Gumena podloga za trzaj u obliku ko\u017ee za neklizaju\u0107e [&hellip;]<\/p>\n","protected":false},"featured_media":8891,"template":"","meta":[],"product_cat":[1015],"product_tag":[],"berocket_brand":[1012],"class_list":{"0":"post-8883","1":"product","2":"type-product","3":"status-publish","4":"has-post-thumbnail","6":"product_cat-boyds-gunstock","7":"pa_model-oruzja-bergara-b14","8":"berocket_brand-boyds","10":"first","11":"instock","12":"taxable","13":"shipping-taxable","14":"purchasable","15":"product-type-variable"},"_links":{"self":[{"href":"http:\/\/www.kavur.hr\/hr\/wp-json\/wp\/v2\/product\/8883","targetHints":{"allow":["GET"]}}],"collection":[{"href":"http:\/\/www.kavur.hr\/hr\/wp-json\/wp\/v2\/product"}],"about":[{"href":"http:\/\/www.kavur.hr\/hr\/wp-json\/wp\/v2\/types\/product"}],"wp:featuredmedia":[{"embeddable":true,"href":"http:\/\/www.kavur.hr\/hr\/wp-json\/wp\/v2\/media\/8891"}],"wp:attachment":[{"href":"http:\/\/www.kavur.hr\/hr\/wp-json\/wp\/v2\/media?parent=8883"}],"wp:term":[{"taxonomy":"product_cat","embeddable":true,"href":"http:\/\/www.kavur.hr\/hr\/wp-json\/wp\/v2\/product_cat?post=8883"},{"taxonomy":"product_tag","embeddable":true,"href":"http:\/\/www.kavur.hr\/hr\/wp-json\/wp\/v2\/product_tag?post=8883"},{"taxonomy":"berocket_brand","embeddable":true,"href":"http:\/\/www.kavur.hr\/hr\/wp-json\/wp\/v2\/berocket_brand?post=8883"}],"curies":[{"name":"wp","href":"https:\/\/api.w.org\/{rel}","templated":true}]}}