{"id":8652,"date":"2025-11-03T18:04:09","date_gmt":"2025-11-03T17:04:09","guid":{"rendered":"https:\/\/www.kavur.hr\/?post_type=product&#038;p=8652"},"modified":"2025-11-29T12:15:22","modified_gmt":"2025-11-29T11:15:22","slug":"pro-varmint","status":"publish","type":"product","link":"http:\/\/www.kavur.hr\/hr\/proizvod\/pro-varmint\/","title":{"rendered":"Pro Varmint"},"content":{"rendered":"<div class=\"sfContentBlock\">\n<div class=\"container\">\n<div class=\"panel-group\">\n<div class=\"panel panel-default\">\n<div id=\"collapseAt-One\" class=\"panel-collapse collapse in\" aria-expanded=\"true\">\n<div class=\"panel-body\">\n<div class=\"sf_cols\">\n<div class=\"sf_colsOut sf_1col_1_100\">\n<div id=\"Contentplaceholder1_C110_Col00\" class=\"sf_colsIn sf_1col_1in_100\">\n<div class=\"sfContentBlock\">\n<div class=\"container\">\n<div class=\"panel-group\">\n<div class=\"panel panel-default\">\n<div id=\"collapseAgility\" class=\"panel-collapse collapse in\" aria-expanded=\"true\">\n<div class=\"panel-body\">\n<div class=\"title\">\n<div id=\"Contentplaceholder1_C212_Col01\" class=\"sf_colsIn\" data-sf-element=\"Product Title\" data-placeholder-label=\"Product Title\">\n<div class=\"sfContentBlock\">\n<p>Pro Varmint<\/p>\n<p>Pro Varmint je dizajnirao Boyds kako bi zadovoljio zahtjeve na\u0161ih kupaca koji su tra\u017eili pristupa\u010dan takti\u010dki dizajn za svoje pu\u0161ke.<\/p>\n<p>Prednji dio s uzorkom dabrovog repa omogu\u0107uje ve\u0107u stabilizaciju s torbicama, ali je i dalje dovoljno elegantan za op\u0107u upotrebu.<\/p>\n<p>Dvostruka namjena kundaka omogu\u0107uje ve\u0107u kontrolu kundaka i vatrenog oru\u017eja, rukom koja ne koristi okida\u010d, te omogu\u0107uje bolji hvat na stra\u017enjoj torbici pri pucanju s klupe. Monte Carlo kundak podi\u017ee strijel\u010dev obraz za kori\u0161tenje s ve\u0107im ciljnicima i dolazi s ambidekstralnim hvatom koji omogu\u0107uje obje ruke da zauzmu prirodniji polo\u017eaj. Blago izbo\u010denje dlana s obje strane omogu\u0107uje udobniji hvat.<\/p>\n<p>Zna\u010dajke Pro Varminta:<\/p>\n<p>Gumi-kapa za trzaj u obliku ko\u017ee za neklizaju\u0107e dr\u017eanje na ramenu.<br \/>\nLaboratorijska teksturirana zavr\u0161na obrada u crnoj boji Duljina povla\u010denja 33,7 cm<\/p>\n<p>Dulji prednji dio mo\u017ee se koristiti s cijevima od 46,7 cm do 61 cm \u0160iroki prednji dio &#8211; 6,7 cm 2 prednja i 1 stra\u017enji okretni klin predvi\u0111eni za brzu monta\u017eu i demonta\u017eu bipoda.<\/p>\n<p>Ukupna duljina 76,4 cm Pribli\u017ena te\u017eina je 1,2 kg.<\/p>\n<div class=\"panel-heading\"><\/div>\n<\/div>\n<\/div>\n<\/div>\n<p>&nbsp;<\/p>\n<\/div>\n<\/div>\n<\/div>\n<\/div>\n<\/div>\n<\/div>\n<\/div>\n<div id=\"Contentplaceholder1_C110_Col00\" class=\"sf_colsIn sf_1col_1in_100\">\n<div class=\"sfContentBlock\">\n<div class=\"container\">\n<div class=\"panel-group\">\n<div class=\"panel panel-default\">\n<div id=\"collapseAgility\" class=\"panel-collapse collapse in\" aria-expanded=\"true\">\n<div class=\"panel-body\">\n<p>&nbsp;<\/p>\n<p style=\"text-align: left;\">\n<\/div>\n<p>&nbsp;<\/p>\n<p>&nbsp;<\/p>\n<p>&nbsp;<\/p>\n<p>&nbsp;<\/p>\n<p>&nbsp;<\/p>\n<\/div>\n<\/div>\n<\/div>\n<\/div>\n<\/div>\n<\/div>\n<\/div>\n<\/div>\n<\/div>\n<\/div>\n<\/div>\n<\/div>\n<\/div>\n<\/div>\n","protected":false},"excerpt":{"rendered":"<p>Pro Varmint Pro Varmint je dizajnirao Boyds kako bi zadovoljio zahtjeve na\u0161ih kupaca koji su tra\u017eili pristupa\u010dan takti\u010dki dizajn za svoje pu\u0161ke. Prednji dio s uzorkom dabrovog repa omogu\u0107uje ve\u0107u stabilizaciju s torbicama, ali je i dalje dovoljno elegantan za op\u0107u upotrebu. Dvostruka namjena kundaka omogu\u0107uje ve\u0107u kontrolu kundaka i vatrenog oru\u017eja, rukom koja ne [&hellip;]<\/p>\n","protected":false},"featured_media":8654,"template":"","meta":[],"product_cat":[1015],"product_tag":[],"berocket_brand":[1012],"class_list":{"0":"post-8652","1":"product","2":"type-product","3":"status-publish","4":"has-post-thumbnail","6":"product_cat-boyds-gunstock","7":"pa_model-oruzja-howa-weatherby-vanguard","8":"pa_model-oruzja-tikka-t3","9":"berocket_brand-boyds","11":"first","12":"instock","13":"taxable","14":"shipping-taxable","15":"purchasable","16":"product-type-variable"},"_links":{"self":[{"href":"http:\/\/www.kavur.hr\/hr\/wp-json\/wp\/v2\/product\/8652","targetHints":{"allow":["GET"]}}],"collection":[{"href":"http:\/\/www.kavur.hr\/hr\/wp-json\/wp\/v2\/product"}],"about":[{"href":"http:\/\/www.kavur.hr\/hr\/wp-json\/wp\/v2\/types\/product"}],"wp:featuredmedia":[{"embeddable":true,"href":"http:\/\/www.kavur.hr\/hr\/wp-json\/wp\/v2\/media\/8654"}],"wp:attachment":[{"href":"http:\/\/www.kavur.hr\/hr\/wp-json\/wp\/v2\/media?parent=8652"}],"wp:term":[{"taxonomy":"product_cat","embeddable":true,"href":"http:\/\/www.kavur.hr\/hr\/wp-json\/wp\/v2\/product_cat?post=8652"},{"taxonomy":"product_tag","embeddable":true,"href":"http:\/\/www.kavur.hr\/hr\/wp-json\/wp\/v2\/product_tag?post=8652"},{"taxonomy":"berocket_brand","embeddable":true,"href":"http:\/\/www.kavur.hr\/hr\/wp-json\/wp\/v2\/berocket_brand?post=8652"}],"curies":[{"name":"wp","href":"https:\/\/api.w.org\/{rel}","templated":true}]}}