{"id":1923,"date":"2023-09-21T21:00:46","date_gmt":"2023-09-21T20:00:46","guid":{"rendered":"https:\/\/www.ae-studio.hr\/kavur5\/?post_type=product&#038;p=1923"},"modified":"2025-10-22T17:10:56","modified_gmt":"2025-10-22T16:10:56","slug":"industrija-nafta-plin-cerakote","status":"publish","type":"product","link":"http:\/\/www.kavur.hr\/hr\/proizvod\/industrija-nafta-plin-cerakote\/","title":{"rendered":"Industrija Nafta \/ Plin  CERAKOTE\u00ae"},"content":{"rendered":"<h3 class=\"page-title\" data-shrink-original-size=\"42\"><span class=\"HwtZe\" lang=\"hr\" style=\"font-size: 10pt;\"> Cerakota\u00a0<\/span><\/h3>\n<h3 class=\"page-title\" data-shrink-original-size=\"42\"><span class=\"HwtZe\" lang=\"hr\" style=\"font-size: 10pt;\"><span class=\"jCAhz ChMk0b\"><span class=\"ryNqvb\">\u2013 otporan na hidrauli\u010dke teku\u0107ine, goriva, otapala za boje, kiseline, proizvode za odle\u0111ivanje, komercijalna dezinficijensa ,<\/span><\/span> <span class=\"jCAhz ChMk0b\"><span class=\"ryNqvb\">UV stabilnost itd.<\/span><\/span><\/span><\/h3>\n<h3 class=\"page-title\" data-shrink-original-size=\"42\"><span class=\"HwtZe\" lang=\"hr\" style=\"font-size: 10pt;\"><span class=\"jCAhz ChMk0b\"><span class=\"ryNqvb\">\u2013 \u0161titi podloge od oksidacije i degradacije.<\/span><\/span> <\/span><\/h3>\n<h3 class=\"page-title\" data-shrink-original-size=\"42\"><span style=\"font-size: 10pt;\"><span class=\"HwtZe\" lang=\"hr\"><span class=\"jCAhz ChMk0b\"><span class=\"ryNqvb\">\u2013v<\/span><\/span><\/span><span class=\"HwtZe\" lang=\"hr\"><span class=\"jCAhz ChMk0b\"><span class=\"ryNqvb\">elika otpornost na habanje.<\/span><\/span><\/span><\/span><\/h3>\n<h3 class=\"page-title\" data-shrink-original-size=\"42\"><span class=\"HwtZe\" lang=\"hr\" style=\"font-size: 10pt;\"><span class=\"jCAhz ChMk0b\"><span class=\"ryNqvb\"> \u2013 podnosi udarce i ogrebotine daleko bolje od drugih\u00a0 premaza.<\/span><\/span> <\/span><\/h3>\n<h3 class=\"page-title\" data-shrink-original-size=\"42\"><span style=\"font-size: 10pt;\"><span class=\"HwtZe\" lang=\"hr\"><span class=\"jCAhz ChMk0b\"><span class=\"ryNqvb\">\u2013<\/span><\/span><\/span><span class=\"HwtZe\" lang=\"hr\"><span class=\"jCAhz ChMk0b\"><span class=\"ryNqvb\"> otpornost na visoke temperature i do <span style=\"color: #ff0000; font-size: 14pt;\">1000 \u00b0C <\/span>(1800 F).<br \/>\n<\/span><\/span><\/span><\/span><\/h3>\n<h3 class=\"page-title\" data-shrink-original-size=\"42\"><span style=\"font-size: 10pt;\"><span class=\"HwtZe\" lang=\"hr\"><span class=\"jCAhz ChMk0b\"><span class=\"ryNqvb\">\u2013<\/span><\/span><\/span><span class=\"HwtZe\" lang=\"hr\"><span class=\"jCAhz ChMk0b\"><span class=\"ryNqvb\"> boje osiguravaju toplinsku barijeru i odvodljivost topline.<\/span><\/span><\/span><\/span><\/h3>\n<h3 class=\"page-title\" data-shrink-original-size=\"42\"><span style=\"font-size: 10pt;\"><span class=\"HwtZe\" lang=\"hr\"><span class=\"jCAhz ChMk0b\"><span class=\"ryNqvb\">\u2013z<\/span><\/span><\/span><span class=\"HwtZe\" lang=\"hr\"><span class=\"jCAhz ChMk0b\"><span class=\"ryNqvb\">amjenjuje eloksiranje, niklanje,kromiranje,bruniranje i\u00a0 temeljne premazime.<\/span><\/span> <\/span><\/span><\/h3>\n<p><strong>FAA Testing:<\/strong><\/p>\n<ul>\n<li><a href=\"https:\/\/images.nicindustries.com\/cerakote\/documents\/389\/cerakote-45-flammability-test-dt2021040920300516.pdf\" target=\"_blank\" rel=\"noopener\">45\u00b0F Flammability Testing.<\/a><\/li>\n<li><a href=\"https:\/\/images.nicindustries.com\/cerakote\/documents\/390\/cerakote-toxicity-test-dt20210409203205352.pdf\" target=\"_blank\" rel=\"noopener\">Combustions Toxicity (Flaming Mode) Test.<\/a><\/li>\n<\/ul>\n","protected":false},"excerpt":{"rendered":"<p>Industrija Nafta \/ Plin CERAKOTE\u00ae<\/p>\n<p>Globalni lider u <span class=\"HwtZe\" lang=\"hr\"><span class=\"jCAhz ChMk0b\"><span class=\"ryNqvb\">proizvodnji neorganskog tankoslojnog kerami\u010dkog polimera.<\/span><\/span><\/span><\/p>\n<p>Aplikacija na materijale:<\/p>\n<p>Plastika<br \/>\nAluminij<br \/>\nNehr\u0111aju\u0107i \u010delik<br \/>\nLijevani metal<br \/>\n\u010celik<br \/>\nTitanij<br \/>\nMagnezij<br \/>\nStaklo<br \/>\nGuma<br \/>\nBakar<\/p>\n<p>https:\/\/www.cerakote.com\/cerakote-industries<\/p>\n<div class=\"col-sm-8 heroText\">\n<p>&nbsp;<\/p>\n<p class=\"lead\">\n<\/div>\n<p>&nbsp;<\/p>\n","protected":false},"featured_media":1927,"template":"","meta":[],"product_cat":[94],"product_tag":[],"berocket_brand":[457],"class_list":{"0":"post-1923","1":"product","2":"type-product","3":"status-publish","4":"has-post-thumbnail","6":"product_cat-kategorije","7":"berocket_brand-cerakote","9":"first","10":"onbackorder","11":"taxable","12":"shipping-taxable","13":"product-type-simple"},"_links":{"self":[{"href":"http:\/\/www.kavur.hr\/hr\/wp-json\/wp\/v2\/product\/1923","targetHints":{"allow":["GET"]}}],"collection":[{"href":"http:\/\/www.kavur.hr\/hr\/wp-json\/wp\/v2\/product"}],"about":[{"href":"http:\/\/www.kavur.hr\/hr\/wp-json\/wp\/v2\/types\/product"}],"wp:featuredmedia":[{"embeddable":true,"href":"http:\/\/www.kavur.hr\/hr\/wp-json\/wp\/v2\/media\/1927"}],"wp:attachment":[{"href":"http:\/\/www.kavur.hr\/hr\/wp-json\/wp\/v2\/media?parent=1923"}],"wp:term":[{"taxonomy":"product_cat","embeddable":true,"href":"http:\/\/www.kavur.hr\/hr\/wp-json\/wp\/v2\/product_cat?post=1923"},{"taxonomy":"product_tag","embeddable":true,"href":"http:\/\/www.kavur.hr\/hr\/wp-json\/wp\/v2\/product_tag?post=1923"},{"taxonomy":"berocket_brand","embeddable":true,"href":"http:\/\/www.kavur.hr\/hr\/wp-json\/wp\/v2\/berocket_brand?post=1923"}],"curies":[{"name":"wp","href":"https:\/\/api.w.org\/{rel}","templated":true}]}}