{"id":1845,"date":"2023-09-20T20:43:33","date_gmt":"2023-09-20T19:43:33","guid":{"rendered":"https:\/\/www.ae-studio.hr\/kavur5\/?post_type=product&#038;p=1845"},"modified":"2025-10-22T17:10:42","modified_gmt":"2025-10-22T16:10:42","slug":"3d-printing-cerakote","status":"publish","type":"product","link":"http:\/\/www.kavur.hr\/hr\/proizvod\/3d-printing-cerakote\/","title":{"rendered":"3D Printing  CERAKOTE\u00ae"},"content":{"rendered":"<h5 id=\"yui_3_17_2_1_1695161453474_891\" class=\"page-title\" data-shrink-original-size=\"42\"><span style=\"font-family: Arial, Helvetica, sans-serif;\">Cerakote kerami\u010dki premazi pru\u017eaju vrhunske performanse i funkcionalnost na materijalima na koje se nanose.<\/span><\/h5>\n<h5 class=\"page-title\" data-shrink-original-size=\"42\"><span style=\"font-family: Arial, Helvetica, sans-serif;\">Visoka otpornost na habanje i grebanje, hidrofobna svojstva, kao i UV i kemijska za\u0161tita.<\/span><\/h5>\n<h5 class=\"page-title\" data-shrink-original-size=\"42\"><span style=\"font-family: Arial, Helvetica, sans-serif;\">Cerakota je idealna za zavr\u0161ni sloj na 3D printanim dijelovima.<\/span><\/h5>\n<h5 class=\"page-title\" data-shrink-original-size=\"42\"><span style=\"font-family: Arial, Helvetica, sans-serif;\">Na\u0161i posebni premazi pru\u017eaju jedinstvenu funkcionalnost kao \u0161to su elektri\u010dna izolacija, neljepljivost , NiR kamufla\u017ea, antirefleksivna svojstva i niski koeficijent trenja.<\/span><\/h5>\n<p>&nbsp;<\/p>\n<p>&nbsp;<\/p>\n","protected":false},"excerpt":{"rendered":"<div class=\"col-sm-8 heroText\">\n<h1>3D Printing<\/h1>\n<p class=\"lead\">CERAKOTE<sup>\u00ae<\/sup> je leader u 3D Print aplikaciji boja<\/p>\n<\/div>\n<p>Aplikacija na materijale:<\/p>\n<p>Plastika<br \/>\nAluminij<br \/>\nNehr\u0111aju\u0107i \u010delik<br \/>\nLijevani metal<br \/>\n\u010celik<br \/>\nTitanij<br \/>\nMagnezij<br \/>\nStaklo<br \/>\nGuma<br \/>\nBakar<\/p>\n<p>https:\/\/www.cerakote.com\/cerakote-industries<\/p>\n<p>&nbsp;<\/p>\n","protected":false},"featured_media":1846,"template":"","meta":[],"product_cat":[94],"product_tag":[],"berocket_brand":[457],"class_list":{"0":"post-1845","1":"product","2":"type-product","3":"status-publish","4":"has-post-thumbnail","6":"product_cat-kategorije","7":"berocket_brand-cerakote","9":"first","10":"onbackorder","11":"taxable","12":"shipping-taxable","13":"product-type-simple"},"_links":{"self":[{"href":"http:\/\/www.kavur.hr\/hr\/wp-json\/wp\/v2\/product\/1845","targetHints":{"allow":["GET"]}}],"collection":[{"href":"http:\/\/www.kavur.hr\/hr\/wp-json\/wp\/v2\/product"}],"about":[{"href":"http:\/\/www.kavur.hr\/hr\/wp-json\/wp\/v2\/types\/product"}],"wp:featuredmedia":[{"embeddable":true,"href":"http:\/\/www.kavur.hr\/hr\/wp-json\/wp\/v2\/media\/1846"}],"wp:attachment":[{"href":"http:\/\/www.kavur.hr\/hr\/wp-json\/wp\/v2\/media?parent=1845"}],"wp:term":[{"taxonomy":"product_cat","embeddable":true,"href":"http:\/\/www.kavur.hr\/hr\/wp-json\/wp\/v2\/product_cat?post=1845"},{"taxonomy":"product_tag","embeddable":true,"href":"http:\/\/www.kavur.hr\/hr\/wp-json\/wp\/v2\/product_tag?post=1845"},{"taxonomy":"berocket_brand","embeddable":true,"href":"http:\/\/www.kavur.hr\/hr\/wp-json\/wp\/v2\/berocket_brand?post=1845"}],"curies":[{"name":"wp","href":"https:\/\/api.w.org\/{rel}","templated":true}]}}