{"id":1825,"date":"2023-09-20T18:27:04","date_gmt":"2023-09-20T17:27:04","guid":{"rendered":"https:\/\/www.ae-studio.hr\/kavur5\/?post_type=product&#038;p=1825"},"modified":"2025-10-22T17:56:28","modified_gmt":"2025-10-22T16:56:28","slug":"cerakote-blackout-e-100","status":"publish","type":"product","link":"http:\/\/www.kavur.hr\/hr\/proizvod\/cerakote-blackout-e-100\/","title":{"rendered":"BLACKOUT   CERAKOTE\u00ae"},"content":{"rendered":"<h1 id=\"yui_3_17_2_1_1695161453474_891\" class=\"page-title\" data-shrink-original-size=\"42\">BLACKOUT E-100<\/h1>\n<p>&nbsp;<\/p>\n<p>&nbsp;<\/p>\n","protected":false},"excerpt":{"rendered":"<p>Cerakote Elite Blackout<\/p>\n<p>crna boja s najboljim performansama.<\/p>\n<p>To je potpuna akromatska boja s crnim polu sjajnim zavr\u0161nim slojem.<\/p>\n<p>Vode\u0107u izvedbu serije Cerakote E podigli smo na vi\u0161u razinu i pobolj\u0161ali tvrdo\u0107u, otpornost na habanje i podmazivanje, a sve to u tanjoj aplikaciji.<\/p>\n<p>To smo postigli razvojem napredne tehnologije smole koja omogu\u0107uje aplikaciju\u00a0 visokou\u010dinkovite\u00a0 keramike.<\/p>\n","protected":false},"featured_media":3040,"template":"","meta":[],"product_cat":[459],"product_tag":[],"berocket_brand":[457],"class_list":{"0":"post-1825","1":"product","2":"type-product","3":"status-publish","4":"has-post-thumbnail","6":"product_cat-boje","7":"berocket_brand-cerakote","9":"first","10":"onbackorder","11":"taxable","12":"shipping-taxable","13":"product-type-simple"},"_links":{"self":[{"href":"http:\/\/www.kavur.hr\/hr\/wp-json\/wp\/v2\/product\/1825","targetHints":{"allow":["GET"]}}],"collection":[{"href":"http:\/\/www.kavur.hr\/hr\/wp-json\/wp\/v2\/product"}],"about":[{"href":"http:\/\/www.kavur.hr\/hr\/wp-json\/wp\/v2\/types\/product"}],"wp:featuredmedia":[{"embeddable":true,"href":"http:\/\/www.kavur.hr\/hr\/wp-json\/wp\/v2\/media\/3040"}],"wp:attachment":[{"href":"http:\/\/www.kavur.hr\/hr\/wp-json\/wp\/v2\/media?parent=1825"}],"wp:term":[{"taxonomy":"product_cat","embeddable":true,"href":"http:\/\/www.kavur.hr\/hr\/wp-json\/wp\/v2\/product_cat?post=1825"},{"taxonomy":"product_tag","embeddable":true,"href":"http:\/\/www.kavur.hr\/hr\/wp-json\/wp\/v2\/product_tag?post=1825"},{"taxonomy":"berocket_brand","embeddable":true,"href":"http:\/\/www.kavur.hr\/hr\/wp-json\/wp\/v2\/berocket_brand?post=1825"}],"curies":[{"name":"wp","href":"https:\/\/api.w.org\/{rel}","templated":true}]}}