{"id":8907,"date":"2025-12-03T14:23:26","date_gmt":"2025-12-03T13:23:26","guid":{"rendered":"https:\/\/www.kavur.hr\/?post_type=product&#038;p=8907"},"modified":"2025-12-03T14:49:23","modified_gmt":"2025-12-03T13:49:23","slug":"varmint-tumbhole","status":"publish","type":"product","link":"http:\/\/www.kavur.hr\/en\/product\/varmint-tumbhole\/","title":{"rendered":"Varmint Tumbhole"},"content":{"rendered":"<div class=\"sfContentBlock\">\n<div class=\"container\">\n<div class=\"panel-group\">\n<div class=\"panel panel-default\">\n<div id=\"collapseAt-One\" class=\"panel-collapse collapse in\" aria-expanded=\"true\">\n<div class=\"panel-body\">\n<div class=\"sf_cols\">\n<div class=\"sf_colsOut sf_1col_1_100\">\n<p>Featherweight Thumbhole<\/p>\n<p>Dizajn FT-a je sinteza elemenata dizajna koje ste vi, kupac, zatra\u017eili za dizajn otvora za palac.<\/p>\n<p>S velikim preklopnim dijelom za obraz za kori\u0161tenje ciljnika i ravnim dizajnom kundaka za minimiziranje udarca po obrazu prilikom pucanja, otvor za palac koji se prilago\u0111ava ruci omogu\u0107uje pove\u0107anu preciznost, a istovremeno raspore\u0111uje trzaj izme\u0111u dlana i ramena, \u010dime se minimizira poskakivanje cijevi i osje\u0107aj trzaja.<\/p>\n<p>Ve\u0107e cijevi do su\u017eenog dizajna &#8220;varmint&#8221; mogu se ugraditi u ove kundke.<\/p>\n<p>Prednji dio tako\u0111er ima bo\u010dne otvore koji omogu\u0107uju u\u010dinkovito hla\u0111enje cijevi tijekom dugih dana na streljani.<\/p>\n<p>FT-ovi su dostupni u \u0161irokom rasponu otvora kako bi se prilagodili ve\u0107ini zakretnih mehanizama. Mora se napomenuti da zbog varijacija me\u0111u modelima i tolerancija kojih se tvornice mogu, ali i ne moraju rutinski pridr\u017eavati, mogu biti potrebna manja pode\u0161avanja, \u010dak i na na\u0161im potpuno dovr\u0161enim dijelovima, kako bi se postiglo savr\u0161eno pristajanje va\u0161em mehanizmu.<\/p>\n<p>Unutarnji materijal prednjeg dijela i kundaka je uklonjen radi smanjenja te\u017eine<br \/>\nGumena podloga za trzaj od 1\/2&#8243; u obliku ko\u017ee za neklizaju\u0107e rame<br \/>\nUgra\u0111eni vijci za oja\u010danje za dodatnu \u010dvrsto\u0107u<br \/>\nMala tolerancija drva i metala kako bi se osigurala preciznost<br \/>\nGotovi i nedovr\u0161eni dijelovi dolaze s ugra\u0111enim okretnim klinovima &#8211; 2 sprijeda, 1 straga<br \/>\nKundaci imaju ulaz za standardne tvorni\u010dke sporter konture.<\/p>\n<p>Kanal cijevi na ovim kundacima mo\u017eete otvoriti na tvorni\u010dke Magnum konture, kao i na tvorni\u010dke Varmint konture, od strane vas ili pu\u0161kara.<\/p>\n<p>Gumi-kapa trzaja od 13mm s izgledom ko\u017ee za neklizaju\u0107e dr\u017eanje na ramenu<br \/>\nUkupna duljina je otprilike 81cm<br \/>\nTe\u017eina je otprilike 2,26 kg<\/p>\n<\/div>\n<\/div>\n<\/div>\n<\/div>\n<\/div>\n<\/div>\n<\/div>\n<\/div>","protected":false},"excerpt":{"rendered":"<p>Featherweight Thumbhole Dizajn FT-a je sinteza elemenata dizajna koje ste vi, kupac, zatra\u017eili za dizajn otvora za palac. S velikim preklopnim dijelom za obraz za kori\u0161tenje ciljnika i ravnim dizajnom kundaka za minimiziranje udarca po obrazu prilikom pucanja, otvor za palac koji se prilago\u0111ava ruci omogu\u0107uje pove\u0107anu preciznost, a istovremeno raspore\u0111uje trzaj izme\u0111u dlana i [&hellip;]<\/p>","protected":false},"featured_media":8917,"template":"","meta":[],"product_cat":[1015],"product_tag":[],"berocket_brand":[1012],"class_list":{"0":"post-8907","1":"product","2":"type-product","3":"status-publish","4":"has-post-thumbnail","6":"product_cat-boyds-gunstock","7":"pa_model-oruzja-mauser-18","8":"pa_model-oruzja-tikka-t3","9":"berocket_brand-boyds","11":"first","12":"instock","13":"taxable","14":"shipping-taxable","15":"purchasable","16":"product-type-variable"},"_links":{"self":[{"href":"http:\/\/www.kavur.hr\/en\/wp-json\/wp\/v2\/product\/8907","targetHints":{"allow":["GET"]}}],"collection":[{"href":"http:\/\/www.kavur.hr\/en\/wp-json\/wp\/v2\/product"}],"about":[{"href":"http:\/\/www.kavur.hr\/en\/wp-json\/wp\/v2\/types\/product"}],"wp:featuredmedia":[{"embeddable":true,"href":"http:\/\/www.kavur.hr\/en\/wp-json\/wp\/v2\/media\/8917"}],"wp:attachment":[{"href":"http:\/\/www.kavur.hr\/en\/wp-json\/wp\/v2\/media?parent=8907"}],"wp:term":[{"taxonomy":"product_cat","embeddable":true,"href":"http:\/\/www.kavur.hr\/en\/wp-json\/wp\/v2\/product_cat?post=8907"},{"taxonomy":"product_tag","embeddable":true,"href":"http:\/\/www.kavur.hr\/en\/wp-json\/wp\/v2\/product_tag?post=8907"},{"taxonomy":"berocket_brand","embeddable":true,"href":"http:\/\/www.kavur.hr\/en\/wp-json\/wp\/v2\/berocket_brand?post=8907"}],"curies":[{"name":"wp","href":"https:\/\/api.w.org\/{rel}","templated":true}]}}