{"id":8713,"date":"2025-11-06T19:22:53","date_gmt":"2025-11-06T18:22:53","guid":{"rendered":"https:\/\/www.kavur.hr\/?post_type=product&#038;p=8713"},"modified":"2025-11-29T12:01:45","modified_gmt":"2025-11-29T11:01:45","slug":"agility-deadset","status":"publish","type":"product","link":"http:\/\/www.kavur.hr\/en\/product\/agility-deadset\/","title":{"rendered":"Agility  Deadset"},"content":{"rendered":"<div class=\"sfContentBlock\">\n<div class=\"container\">\n<div class=\"panel-group\">\n<div class=\"panel panel-default\">\n<div id=\"collapseAt-One\" class=\"panel-collapse collapse in\" aria-expanded=\"true\">\n<div class=\"panel-body\">\n<div class=\"sf_cols\">\n<div class=\"sf_colsOut sf_1col_1_100\">\n<div id=\"Contentplaceholder1_C110_Col00\" class=\"sf_colsIn sf_1col_1in_100\">\n<div class=\"sfContentBlock\">\n<div class=\"container\">\n<div class=\"panel-group\">\n<div class=\"panel panel-default\">\n<div id=\"collapseAgility\" class=\"panel-collapse collapse in\" aria-expanded=\"true\">\n<div class=\"panel-body\">\n<p>AGILITY i DEADSET-a<\/p>\n<p>Dizajnirali smo Agility\u2122 Performance kundak za pu\u0161ku kako bi odgovarao \u0161irokom rasponu veli\u010dina strijelaca, od mladih do visokih i mr\u0161avih. Duljina zatezanja i mogu\u0107nost pode\u0161avanja kundaka omogu\u0107it \u0107e da pu\u0161ka odgovara ve\u0107ini strijelaca.<\/p>\n<p>Duljina zatezanja<\/p>\n<p>Podesivi kundak (opcionalno)<\/p>\n<p>30,5 cm \u2013 35,5 cm<\/p>\n<p>&nbsp;<\/p>\n<p>Ukupna duljina<\/p>\n<p>76,7 cm uvu\u010den kundak<\/p>\n<p>86,7 cm izvu\u010den kundak<\/p>\n<p>\u0160irina prednjeg dijela<\/p>\n<p>6,7 cm straga, 4,3 cm sprijeda<\/p>\n<p>Gumi-kapa<\/p>\n<p>1,2 cm debela, preoblikovana guma<\/p>\n<p>Oslon za za\u0161titu od trzaja od 2,5 cm na priboru<\/p>\n<p>WEIGHT<\/p>\n<p>Materijal za kundak<\/p>\n<p>otprilike 1,3 kg<\/p>\n<p>6061 T6511 Aluminij<\/p>\n<\/div>\n<\/div>\n<\/div>\n<\/div>\n<\/div>\n<\/div>\n<\/div>\n<div id=\"Contentplaceholder1_C110_Col00\" class=\"sf_colsIn sf_1col_1in_100\">\n<div class=\"sfContentBlock\">\n<div class=\"container\">\n<div class=\"panel-group\">\n<div class=\"panel panel-default\">\n<div id=\"collapseAgility\" class=\"panel-collapse collapse in\" aria-expanded=\"true\">\n<div class=\"panel-body\">\n<p>&nbsp;<\/p>\n<p style=\"text-align: left;\">\n<\/div>\n<p>&nbsp;<\/p>\n<p>&nbsp;<\/p>\n<p>&nbsp;<\/p>\n<p>&nbsp;<\/p>\n<p>&nbsp;<\/p>\n<\/div>\n<\/div>\n<\/div>\n<\/div>\n<\/div>\n<\/div>\n<\/div>\n<\/div>\n<\/div>\n<\/div>\n<\/div>\n<\/div>\n<\/div>\n<\/div>","protected":false},"excerpt":{"rendered":"<p>AGILITY i DEADSET-a Dizajnirali smo Agility\u2122 Performance kundak za pu\u0161ku kako bi odgovarao \u0161irokom rasponu veli\u010dina strijelaca, od mladih do visokih i mr\u0161avih. Duljina zatezanja i mogu\u0107nost pode\u0161avanja kundaka omogu\u0107it \u0107e da pu\u0161ka odgovara ve\u0107ini strijelaca. Duljina zatezanja Podesivi kundak (opcionalno) 30,5 cm \u2013 35,5 cm &nbsp; Ukupna duljina 76,7 cm uvu\u010den kundak 86,7 cm [&hellip;]<\/p>","protected":false},"featured_media":8715,"template":"","meta":[],"product_cat":[1015],"product_tag":[],"berocket_brand":[1012],"class_list":{"0":"post-8713","1":"product","2":"type-product","3":"status-publish","4":"has-post-thumbnail","6":"product_cat-boyds-gunstock","7":"pa_model-oruzja-howa-weatherby-vanguard","8":"pa_model-oruzja-tikka-t3","9":"berocket_brand-boyds","11":"first","12":"instock","13":"taxable","14":"shipping-taxable","15":"purchasable","16":"product-type-variable"},"_links":{"self":[{"href":"http:\/\/www.kavur.hr\/en\/wp-json\/wp\/v2\/product\/8713","targetHints":{"allow":["GET"]}}],"collection":[{"href":"http:\/\/www.kavur.hr\/en\/wp-json\/wp\/v2\/product"}],"about":[{"href":"http:\/\/www.kavur.hr\/en\/wp-json\/wp\/v2\/types\/product"}],"wp:featuredmedia":[{"embeddable":true,"href":"http:\/\/www.kavur.hr\/en\/wp-json\/wp\/v2\/media\/8715"}],"wp:attachment":[{"href":"http:\/\/www.kavur.hr\/en\/wp-json\/wp\/v2\/media?parent=8713"}],"wp:term":[{"taxonomy":"product_cat","embeddable":true,"href":"http:\/\/www.kavur.hr\/en\/wp-json\/wp\/v2\/product_cat?post=8713"},{"taxonomy":"product_tag","embeddable":true,"href":"http:\/\/www.kavur.hr\/en\/wp-json\/wp\/v2\/product_tag?post=8713"},{"taxonomy":"berocket_brand","embeddable":true,"href":"http:\/\/www.kavur.hr\/en\/wp-json\/wp\/v2\/berocket_brand?post=8713"}],"curies":[{"name":"wp","href":"https:\/\/api.w.org\/{rel}","templated":true}]}}