{"id":8695,"date":"2025-11-06T18:43:05","date_gmt":"2025-11-06T17:43:05","guid":{"rendered":"https:\/\/www.kavur.hr\/?post_type=product&#038;p=8695"},"modified":"2025-11-29T10:40:23","modified_gmt":"2025-11-29T09:40:23","slug":"prairie-hunter","status":"publish","type":"product","link":"http:\/\/www.kavur.hr\/en\/product\/prairie-hunter\/","title":{"rendered":"Prairie Hunter"},"content":{"rendered":"<div class=\"sfContentBlock\">\n<div class=\"container\">\n<div class=\"panel-group\">\n<div class=\"panel panel-default\">\n<div id=\"collapseAt-One\" class=\"panel-collapse collapse in\" aria-expanded=\"true\">\n<div class=\"panel-body\">\n<div class=\"sf_cols\">\n<div class=\"sf_colsOut sf_1col_1_100\">\n<div id=\"Contentplaceholder1_C110_Col00\" class=\"sf_colsIn sf_1col_1in_100\">\n<div class=\"sfContentBlock\">\n<div class=\"container\">\n<div class=\"panel-group\">\n<div class=\"panel panel-default\">\n<div id=\"collapseAgility\" class=\"panel-collapse collapse in\" aria-expanded=\"true\">\n<p>Prairie Hunter<\/p>\n<p>Dizajn Prairie Hunter ima Monte Carlo kundak koji je blago podignut kako bi bio paralelan s cijevi, \u0161to poma\u017ee u pravilnom poravnanju obraza za kori\u0161tenje ciljnika, a tako\u0111er ima lijepo uklopljene \u017eljebove na podkundaku.<\/p>\n<p>Graciozan dio za obraz pru\u017ea dodatnu potporu licu i lijepo je uklopljen u kundak i rukohvat.<\/p>\n<p>Vitko i blago otvoreni ovalni rukohvat pi\u0161tolja s blagim izbo\u010denjem dlana dobro je definirana s kundakom kako bi vam pru\u017eila \u010dvrst hvat koji omogu\u0107uje brzo postavljanje na rame i poma\u017ee u pravilnom polo\u017eaju oka s ciljnikom.<\/p>\n<p>Elegantni zako\u0161eni prednji dio koji se prilago\u0111ava ruci ovalnog je oblika, omogu\u0107uju\u0107i vrhunski spoj dlana i prednjeg dijela kako bi se pobolj\u0161alo ga\u0111anje iz ruke, a proporcionalan je cijevima duljine od 56 do 66 cm.<\/p>\n<p>Zna\u010dajke Prairie Huntera:<\/p>\n<p>Materijal ispod kanala cijevi je uklonjen radi pobolj\u0161anja ravnote\u017ee vatrenog oru\u017eja.<br \/>\nGumena podloga za trzaj od 12cm za brzu monta\u017eu bez klizanja.<br \/>\nSvi gotovi kundaci su 100% strojno obra\u0111eni za precizno prileganje.<br \/>\nUgra\u0111eni su oja\u010davaju\u0107i vijci za dodatnu \u010dvrsto\u0107u bez dodatnih tro\u0161kova.<br \/>\nProsje\u010dna te\u017eina od 12,7 kg.<br \/>\nLaboratorijska satenska zavr\u0161na obrada na bazi kiseline, dokazano otporna na kemijska o\u0161te\u0107enja i grubo rukovanje elementima.<br \/>\nDuljina zatezanja ovog kundaka je 33 cm.<br \/>\nUkupna duljina je pribli\u017eno 81 cm.<\/p>\n<p>&nbsp;<\/p>\n<p>&nbsp;<\/p>\n<p>&nbsp;<\/p>\n<\/div>\n<\/div>\n<\/div>\n<\/div>\n<\/div>\n<\/div>\n<\/div>\n<\/div>\n<\/div>\n<\/div>\n<\/div>\n<\/div>\n<\/div>\n<\/div>","protected":false},"excerpt":{"rendered":"<p>Prairie Hunter Dizajn Prairie Hunter ima Monte Carlo kundak koji je blago podignut kako bi bio paralelan s cijevi, \u0161to poma\u017ee u pravilnom poravnanju obraza za kori\u0161tenje ciljnika, a tako\u0111er ima lijepo uklopljene \u017eljebove na podkundaku. Graciozan dio za obraz pru\u017ea dodatnu potporu licu i lijepo je uklopljen u kundak i rukohvat. Vitko i blago [&hellip;]<\/p>","protected":false},"featured_media":8696,"template":"","meta":[],"product_cat":[1015],"product_tag":[],"berocket_brand":[1012],"class_list":{"0":"post-8695","1":"product","2":"type-product","3":"status-publish","4":"has-post-thumbnail","6":"product_cat-boyds-gunstock","7":"pa_model-oruzja-howa-weatherby-vanguard","8":"pa_model-oruzja-zastava-m-70","9":"berocket_brand-boyds","11":"first","12":"instock","13":"taxable","14":"shipping-taxable","15":"purchasable","16":"product-type-variable"},"_links":{"self":[{"href":"http:\/\/www.kavur.hr\/en\/wp-json\/wp\/v2\/product\/8695","targetHints":{"allow":["GET"]}}],"collection":[{"href":"http:\/\/www.kavur.hr\/en\/wp-json\/wp\/v2\/product"}],"about":[{"href":"http:\/\/www.kavur.hr\/en\/wp-json\/wp\/v2\/types\/product"}],"wp:featuredmedia":[{"embeddable":true,"href":"http:\/\/www.kavur.hr\/en\/wp-json\/wp\/v2\/media\/8696"}],"wp:attachment":[{"href":"http:\/\/www.kavur.hr\/en\/wp-json\/wp\/v2\/media?parent=8695"}],"wp:term":[{"taxonomy":"product_cat","embeddable":true,"href":"http:\/\/www.kavur.hr\/en\/wp-json\/wp\/v2\/product_cat?post=8695"},{"taxonomy":"product_tag","embeddable":true,"href":"http:\/\/www.kavur.hr\/en\/wp-json\/wp\/v2\/product_tag?post=8695"},{"taxonomy":"berocket_brand","embeddable":true,"href":"http:\/\/www.kavur.hr\/en\/wp-json\/wp\/v2\/berocket_brand?post=8695"}],"curies":[{"name":"wp","href":"https:\/\/api.w.org\/{rel}","templated":true}]}}