{"id":8668,"date":"2025-11-05T21:43:40","date_gmt":"2025-11-05T20:43:40","guid":{"rendered":"https:\/\/www.kavur.hr\/?post_type=product&#038;p=8668"},"modified":"2025-11-29T11:57:40","modified_gmt":"2025-11-29T10:57:40","slug":"spike-camp","status":"publish","type":"product","link":"http:\/\/www.kavur.hr\/en\/product\/spike-camp\/","title":{"rendered":"Spike Camp"},"content":{"rendered":"<div class=\"sfContentBlock\">\n<div class=\"container\">\n<div class=\"panel-group\">\n<div class=\"panel panel-default\">\n<div id=\"collapseAt-One\" class=\"panel-collapse collapse in\" aria-expanded=\"true\">\n<div class=\"panel-body\">\n<div class=\"sf_cols\">\n<div class=\"sf_colsOut sf_1col_1_100\">\n<div id=\"Contentplaceholder1_C110_Col00\" class=\"sf_colsIn sf_1col_1in_100\">\n<div class=\"sfContentBlock\">\n<div class=\"container\">\n<div class=\"panel-group\">\n<div class=\"panel panel-default\">\n<div id=\"collapseAgility\" class=\"panel-collapse collapse in\" aria-expanded=\"true\">\n<div class=\"panel-body\">\n<p>Spike Camp<\/p>\n<p>Spike Campovi u divljini su strate\u0161ka potreba za preokretanjem izgleda u va\u0161u korist i omogu\u0107avanjem da postignete vi\u0161e s manje. Kada smo zapo\u010deli razvoj ovog novog dizajna, krenuli smo u proizvodnju visokokvalitetnog, izuzetno udobnog, laganog kundaka koji se koristi samo za osnovne potrebe.<\/p>\n<p>Performanse slobodno plutaju\u0107e cijevi, standardnih nosa\u010da za remen i rukohvata s otvorom za palac daju vam sve \u0161to je potrebno za postizanje uspjeha uz odr\u017eavanje male veli\u010dine i te\u017eine.<\/p>\n<p>Zna\u010dajke Spike Campa:<\/p>\n<p>Udoban, ergonomski, s otvorom za palac za obje ruke, prilago\u0111en svim vrstama strijelaca.<br \/>\nKratki Monte Carlo kundak za pravilno nasjedanje obraza.<br \/>\nGumi kapa za trzaj od 1,2 cm za brzu monta\u017eu bez klizanja, Kick-eez gumi kapa za trzaj od 2.50 cm dostupan kao dodatna oprema.<br \/>\nProsje\u010dna te\u017eina od 1,1 kg omogu\u0107uje izvrsnu ravnote\u017eu.<br \/>\nLaboratorijski satenski zavr\u0161ni sloj na bazi kiseline &#8211; dokazano otporan na kemijska o\u0161te\u0107enja i grubo rukovanje elementima.<br \/>\nUkupna duljina je pribli\u017eno 79,5 cm.<\/p>\n<\/div>\n<\/div>\n<\/div>\n<\/div>\n<\/div>\n<\/div>\n<\/div>\n<div id=\"Contentplaceholder1_C110_Col00\" class=\"sf_colsIn sf_1col_1in_100\">\n<div class=\"sfContentBlock\">\n<div class=\"container\">\n<div class=\"panel-group\">\n<div class=\"panel panel-default\">\n<div id=\"collapseAgility\" class=\"panel-collapse collapse in\" aria-expanded=\"true\">\n<div class=\"panel-body\">\n<p>&nbsp;<\/p>\n<p style=\"text-align: left;\">\n<\/div>\n<p>&nbsp;<\/p>\n<p>&nbsp;<\/p>\n<p>&nbsp;<\/p>\n<p>&nbsp;<\/p>\n<p>&nbsp;<\/p>\n<\/div>\n<\/div>\n<\/div>\n<\/div>\n<\/div>\n<\/div>\n<\/div>\n<\/div>\n<\/div>\n<\/div>\n<\/div>\n<\/div>\n<\/div>\n<\/div>","protected":false},"excerpt":{"rendered":"<p>Spike Camp Spike Campovi u divljini su strate\u0161ka potreba za preokretanjem izgleda u va\u0161u korist i omogu\u0107avanjem da postignete vi\u0161e s manje. Kada smo zapo\u010deli razvoj ovog novog dizajna, krenuli smo u proizvodnju visokokvalitetnog, izuzetno udobnog, laganog kundaka koji se koristi samo za osnovne potrebe. Performanse slobodno plutaju\u0107e cijevi, standardnih nosa\u010da za remen i rukohvata [&hellip;]<\/p>","protected":false},"featured_media":8669,"template":"","meta":[],"product_cat":[1015],"product_tag":[],"berocket_brand":[1012],"class_list":{"0":"post-8668","1":"product","2":"type-product","3":"status-publish","4":"has-post-thumbnail","6":"product_cat-boyds-gunstock","7":"pa_model-oruzja-bergara-b14","8":"pa_model-oruzja-browning-a-bolt-ii","9":"pa_model-oruzja-browning-a-bolt-iii","10":"pa_model-oruzja-cz-452","11":"pa_model-oruzja-cz-527","12":"pa_model-oruzja-franchi-forest","13":"pa_model-oruzja-howa-weatherby-vanguard","14":"pa_model-oruzja-sauer-100","15":"pa_model-oruzja-sauer-100-new-version","16":"pa_model-oruzja-tikka-t3","17":"pa_model-oruzja-winchester-xpr","18":"pa_model-oruzja-zastava-m-48-yugo-48","19":"pa_model-oruzja-zastava-m-70","20":"berocket_brand-boyds","22":"first","23":"instock","24":"taxable","25":"shipping-taxable","26":"purchasable","27":"product-type-variable"},"_links":{"self":[{"href":"http:\/\/www.kavur.hr\/en\/wp-json\/wp\/v2\/product\/8668","targetHints":{"allow":["GET"]}}],"collection":[{"href":"http:\/\/www.kavur.hr\/en\/wp-json\/wp\/v2\/product"}],"about":[{"href":"http:\/\/www.kavur.hr\/en\/wp-json\/wp\/v2\/types\/product"}],"wp:featuredmedia":[{"embeddable":true,"href":"http:\/\/www.kavur.hr\/en\/wp-json\/wp\/v2\/media\/8669"}],"wp:attachment":[{"href":"http:\/\/www.kavur.hr\/en\/wp-json\/wp\/v2\/media?parent=8668"}],"wp:term":[{"taxonomy":"product_cat","embeddable":true,"href":"http:\/\/www.kavur.hr\/en\/wp-json\/wp\/v2\/product_cat?post=8668"},{"taxonomy":"product_tag","embeddable":true,"href":"http:\/\/www.kavur.hr\/en\/wp-json\/wp\/v2\/product_tag?post=8668"},{"taxonomy":"berocket_brand","embeddable":true,"href":"http:\/\/www.kavur.hr\/en\/wp-json\/wp\/v2\/berocket_brand?post=8668"}],"curies":[{"name":"wp","href":"https:\/\/api.w.org\/{rel}","templated":true}]}}