{"id":3368,"date":"2023-10-25T21:09:36","date_gmt":"2023-10-25T20:09:36","guid":{"rendered":"https:\/\/www.ae-studio.hr\/kavur5\/?post_type=product&#038;p=3368"},"modified":"2025-12-11T15:38:12","modified_gmt":"2025-12-11T14:38:12","slug":"kavur-linearni-kompenzator","status":"publish","type":"product","link":"http:\/\/www.kavur.hr\/en\/product\/kavur-linearni-kompenzator\/","title":{"rendered":"Kavur M5 Linearni kompenzator 15&#215;1"},"content":{"rendered":"<p>Linearni kompenzator je novi oblik kompenzatora za vatreno oru\u017eje, koji je razvijen s ciljem prevladavanja navedenih nedostataka klasi\u010dnih kompenzatora.<\/p>\n<p>To je postignuto dizajnom linearnog kompenzatora koji ne usmjerava ispu\u0161ne plinove okomito ili pod nekim kutom na cijev, ve\u0107 ih konvergira linearno prema meti.<\/p>\n<p>To preusmjeravanje se radi kroz rupe u tijelu kompenzatora koje su paralelne s cijevi oru\u017eja \u010dime se prasak usmjerava od strijelca.<\/p>\n<p>Pri tome linearni kompenzatori ne smanjuju intenzitet buke prilikom ispaljivanja ve\u0107 ga preusmjeravaju od strijelca prema meta i time \u010duvaju njegov sluh.<\/p>\n<div class=\"woocommerce-product-details__short-description\">\n<p>Smanjuje povratni trzaj pu\u0161ke za 45% -60% (ovisno o kalibru i te\u017eini oru\u017eja)<\/p>\n<p>Su\u017eava grupu pogodaka i do 60%<\/p>\n<p>&nbsp;<\/p>\n<p><span class=\"HwtZe\" lang=\"hr\"><span class=\"jCAhz ChMk0b\"><span class=\"ryNqvb\">\u00a0<\/span><\/span><\/span><\/p>\n<\/div>\n<p>&nbsp;<\/p>","protected":false},"excerpt":{"rendered":"<p><strong>Model : M3\u00a0\u00a0\u00a0 <\/strong>Kal- .22 \u2013 6 mm<\/p>\n<p><strong>Model :<\/strong>\u00a0<strong>M4\u00a0\u00a0\u00a0 <\/strong>Kal- 6,5 mm\u00a0 \u2013 30\u201c<\/p>\n<p><strong>Model : M5\u00a0\u00a0\u00a0 <\/strong>Kal- 30\u201c \u2013 338\u201c mm<\/p>","protected":false},"featured_media":3370,"template":"","meta":[],"product_cat":[15,427,432],"product_tag":[],"berocket_brand":[453],"class_list":{"0":"post-3368","1":"product","2":"type-product","3":"status-publish","4":"has-post-thumbnail","6":"product_cat-razno","7":"product_cat-linearni-kompenzator","8":"product_cat-kompenzatori-linearni-komp","9":"pa_model-m-2","10":"pa_model-m-2m","11":"pa_model-m-3","12":"pa_model-m-4","13":"pa_model-m-5","14":"pa_navoj-1-2-20-unf","15":"pa_navoj-1-2-28-unef","16":"pa_navoj-5-8-24-unef","17":"pa_navoj-m-12x1","18":"pa_navoj-m-13x1","19":"pa_navoj-m-14x1","20":"pa_navoj-m-15x1","21":"pa_navoj-m-16x1","22":"pa_navoj-m-17x1","23":"berocket_brand-kavur","25":"first","26":"onbackorder","27":"taxable","28":"shipping-taxable","29":"purchasable","30":"product-type-simple"},"_links":{"self":[{"href":"http:\/\/www.kavur.hr\/en\/wp-json\/wp\/v2\/product\/3368","targetHints":{"allow":["GET"]}}],"collection":[{"href":"http:\/\/www.kavur.hr\/en\/wp-json\/wp\/v2\/product"}],"about":[{"href":"http:\/\/www.kavur.hr\/en\/wp-json\/wp\/v2\/types\/product"}],"wp:featuredmedia":[{"embeddable":true,"href":"http:\/\/www.kavur.hr\/en\/wp-json\/wp\/v2\/media\/3370"}],"wp:attachment":[{"href":"http:\/\/www.kavur.hr\/en\/wp-json\/wp\/v2\/media?parent=3368"}],"wp:term":[{"taxonomy":"product_cat","embeddable":true,"href":"http:\/\/www.kavur.hr\/en\/wp-json\/wp\/v2\/product_cat?post=3368"},{"taxonomy":"product_tag","embeddable":true,"href":"http:\/\/www.kavur.hr\/en\/wp-json\/wp\/v2\/product_tag?post=3368"},{"taxonomy":"berocket_brand","embeddable":true,"href":"http:\/\/www.kavur.hr\/en\/wp-json\/wp\/v2\/berocket_brand?post=3368"}],"curies":[{"name":"wp","href":"https:\/\/api.w.org\/{rel}","templated":true}]}}