{"id":866,"date":"2023-07-25T11:34:14","date_gmt":"2023-07-25T10:34:14","guid":{"rendered":"http:\/\/www.ae-studio.hr\/kavur5\/?page_id=866"},"modified":"2025-10-22T21:42:01","modified_gmt":"2025-10-22T20:42:01","slug":"brandovi","status":"publish","type":"page","link":"http:\/\/www.kavur.hr\/en\/brandovi\/","title":{"rendered":"Brands"},"content":{"rendered":"<h3 style=\"text-align: center;\">Brands<\/h3>\n<p style=\"text-align: center;\">Quality is the key that guides us in choosing brands. Our brands are recognizable and popular in the Croatian and foreign markets, and we continuously invest in the development of our own products. Kavur d.o.o. is the general representative for<\/p>\n<p style=\"text-align: center;\"><span style=\"color: #000080;\"><a style=\"color: #000080;\" href=\"https:\/\/www.kavur.hr\/en\/brands\/grs\/\">GRS<\/a>,TierOne,Boyds,W&amp;S,Howa,PrimaryArms i Valiant\u00a0<\/span> and certified applicator for <a href=\"https:\/\/www.kavur.hr\/en\/product-category\/cerakote\/\">Cerakote<\/a>.<\/p>\n<p>&nbsp;<\/p>\n<p>&nbsp;<\/p>\n<p><strong><div class=\"woocommerce columns-5\"><\/div><\/strong><\/p>\n<p><strong><div class=\"woocommerce columns-5\"><\/div><\/strong><\/p>\n<p><strong><div class=\"woocommerce columns-5\"><\/div><\/strong><\/p>\n<p>&nbsp;<\/p>\n<p style=\"text-align: center;\"><a href=\"https:\/\/www.cerakote.com\/europe\"><img loading=\"lazy\" decoding=\"async\" class=\"alignnone wp-image-8262\" src=\"https:\/\/www.kavur.hr\/wp-content\/uploads\/2025\/09\/Coatresa-Cerakote-logo-300x120.png\" alt=\"\" width=\"228\" height=\"91\" srcset=\"https:\/\/www.kavur.hr\/wp-content\/uploads\/2025\/09\/Coatresa-Cerakote-logo-300x120.png 300w, https:\/\/www.kavur.hr\/wp-content\/uploads\/2025\/09\/Coatresa-Cerakote-logo-18x7.png 18w, https:\/\/www.kavur.hr\/wp-content\/uploads\/2025\/09\/Coatresa-Cerakote-logo-600x241.png 600w, https:\/\/www.kavur.hr\/wp-content\/uploads\/2025\/09\/Coatresa-Cerakote-logo.png 648w\" sizes=\"auto, (max-width: 228px) 100vw, 228px\" \/><span style=\"color: #ffffff;\">\u00a0\u00a0\u00a0\u00a0<\/span><\/a><\/p>\n<p>&nbsp;<\/p>\n<p><a href=\"https:\/\/www.tier-one.eu\/\">\u00a0 \u00a0 \u00a0 \u00a0 \u00a0 \u00a0 \u00a0 <img loading=\"lazy\" decoding=\"async\" class=\"alignnone wp-image-8263\" src=\"https:\/\/www.kavur.hr\/wp-content\/uploads\/2025\/09\/Bez-naslova-1-1.png\" alt=\"\" width=\"140\" height=\"113\" srcset=\"https:\/\/www.kavur.hr\/wp-content\/uploads\/2025\/09\/Bez-naslova-1-1.png 184w, https:\/\/www.kavur.hr\/wp-content\/uploads\/2025\/09\/Bez-naslova-1-1-15x12.png 15w\" sizes=\"auto, (max-width: 140px) 100vw, 140px\" \/> \u00a0 \u00a0 \u00a0 \u00a0 \u00a0 \u00a0 \u00a0 \u00a0 \u00a0 \u00a0 \u00a0 \u00a0 \u00a0 \u00a0 \u00a0 <\/a>\u00a0 \u00a0 \u00a0 \u00a0 <a href=\"https:\/\/www.howausa.com\/\"><img loading=\"lazy\" decoding=\"async\" class=\"alignnone wp-image-8264\" src=\"https:\/\/www.kavur.hr\/wp-content\/uploads\/2025\/09\/cropped-Howa-Red-Black-sm-300x93.png\" alt=\"\" width=\"242\" height=\"75\" srcset=\"https:\/\/www.kavur.hr\/wp-content\/uploads\/2025\/09\/cropped-Howa-Red-Black-sm-300x93.png 300w, https:\/\/www.kavur.hr\/wp-content\/uploads\/2025\/09\/cropped-Howa-Red-Black-sm-18x6.png 18w, https:\/\/www.kavur.hr\/wp-content\/uploads\/2025\/09\/cropped-Howa-Red-Black-sm-840x261.png 840w, https:\/\/www.kavur.hr\/wp-content\/uploads\/2025\/09\/cropped-Howa-Red-Black-sm-600x186.png 600w, https:\/\/www.kavur.hr\/wp-content\/uploads\/2025\/09\/cropped-Howa-Red-Black-sm-768x238.png 768w, https:\/\/www.kavur.hr\/wp-content\/uploads\/2025\/09\/cropped-Howa-Red-Black-sm.png 960w\" sizes=\"auto, (max-width: 242px) 100vw, 242px\" \/>\u00a0 \u00a0 \u00a0 \u00a0 \u00a0 \u00a0 \u00a0 \u00a0 \u00a0 \u00a0 <\/a> \u00a0 \u00a0 <a href=\"https:\/\/www.boydsgunstocks.eu\/b1\/\"><img loading=\"lazy\" decoding=\"async\" class=\"alignnone wp-image-8265\" src=\"https:\/\/www.kavur.hr\/wp-content\/uploads\/2025\/09\/boyds_logo-600x127-1-300x64.png\" alt=\"\" width=\"258\" height=\"55\" srcset=\"https:\/\/www.kavur.hr\/wp-content\/uploads\/2025\/09\/boyds_logo-600x127-1-300x64.png 300w, https:\/\/www.kavur.hr\/wp-content\/uploads\/2025\/09\/boyds_logo-600x127-1-18x4.png 18w, https:\/\/www.kavur.hr\/wp-content\/uploads\/2025\/09\/boyds_logo-600x127-1.png 600w\" sizes=\"auto, (max-width: 258px) 100vw, 258px\" \/><\/a><\/p>\n<p><a href=\"https:\/\/www.kavur.hr\/wp-content\/uploads\/2025\/09\/Bez-naslova-2.png\">\u00a0 \u00a0<\/a><\/p>\n<p><a href=\"https:\/\/www.webleyandscott.com\/\">\u00a0 \u00a0 \u00a0 \u00a0 \u00a0 \u00a0 \u00a0 \u00a0 \u00a0 \u00a0 \u00a0 \u00a0 \u00a0 \u00a0 \u00a0 \u00a0 \u00a0 \u00a0 \u00a0 \u00a0 \u00a0 \u00a0 \u00a0 \u00a0 \u00a0 \u00a0 \u00a0 \u00a0 \u00a0 \u00a0 \u00a0 \u00a0 \u00a0 \u00a0 \u00a0 \u00a0 \u00a0 \u00a0 \u00a0 \u00a0 \u00a0 \u00a0 \u00a0 \u00a0 <img loading=\"lazy\" decoding=\"async\" class=\"alignnone wp-image-8266\" src=\"https:\/\/www.kavur.hr\/wp-content\/uploads\/2025\/09\/Bez-naslova-2-300x62.png\" alt=\"\" width=\"334\" height=\"69\" srcset=\"https:\/\/www.kavur.hr\/wp-content\/uploads\/2025\/09\/Bez-naslova-2-300x62.png 300w, https:\/\/www.kavur.hr\/wp-content\/uploads\/2025\/09\/Bez-naslova-2-18x4.png 18w, https:\/\/www.kavur.hr\/wp-content\/uploads\/2025\/09\/Bez-naslova-2.png 494w\" sizes=\"auto, (max-width: 334px) 100vw, 334px\" \/><\/a><\/p>\n<p>&nbsp;<\/p>\n<p><a href=\"https:\/\/www.kavur.hr\/wp-content\/uploads\/2025\/09\/pa.png\">\u00a0 \u00a0 \u00a0 \u00a0 \u00a0 \u00a0 \u00a0 \u00a0 \u00a0 \u00a0 \u00a0 \u00a0 \u00a0<\/a><a href=\"https:\/\/www.primaryarms.com\/\"><img loading=\"lazy\" decoding=\"async\" class=\"alignnone wp-image-8269\" src=\"https:\/\/www.kavur.hr\/wp-content\/uploads\/2025\/09\/images-300x72.png\" alt=\"\" width=\"333\" height=\"80\" srcset=\"https:\/\/www.kavur.hr\/wp-content\/uploads\/2025\/09\/images-300x72.png 300w, https:\/\/www.kavur.hr\/wp-content\/uploads\/2025\/09\/images-18x4.png 18w, https:\/\/www.kavur.hr\/wp-content\/uploads\/2025\/09\/images.png 459w\" sizes=\"auto, (max-width: 333px) 100vw, 333px\" \/><\/a><a href=\"https:\/\/www.valiant-optics.com\/distributors\">\u00a0 \u00a0 \u00a0 \u00a0 \u00a0 \u00a0 \u00a0 \u00a0 \u00a0 \u00a0 \u00a0 \u00a0 \u00a0 \u00a0 \u00a0 <img loading=\"lazy\" decoding=\"async\" class=\"alignnone wp-image-8268\" src=\"https:\/\/www.kavur.hr\/wp-content\/uploads\/2025\/09\/vo-300x68.jpg\" alt=\"\" width=\"322\" height=\"73\" srcset=\"https:\/\/www.kavur.hr\/wp-content\/uploads\/2025\/09\/vo-300x68.jpg 300w, https:\/\/www.kavur.hr\/wp-content\/uploads\/2025\/09\/vo-18x4.jpg 18w, https:\/\/www.kavur.hr\/wp-content\/uploads\/2025\/09\/vo.jpg 473w\" sizes=\"auto, (max-width: 322px) 100vw, 322px\" \/><\/a><\/p>\n<blockquote>\n<p style=\"text-align: center;\">\n<\/blockquote>\n<p><strong>\u00a0<\/strong><\/p>\n<p>&nbsp;<\/p>","protected":false},"excerpt":{"rendered":"<p>Brandovi Kvaliteta je klju\u010d kojim se vodimo u odabiru brandova. Na\u0161i brendovi prepoznatljivi su i omiljeni na hrvatskom i stranim tr\u017ei\u0161tima, a kontinuirano ula\u017eemo u razvoj vlastitih proizvoda. Kavur d.o.o. je genaralni zastupnik za GRS,TierOne,Boyds,W&amp;S,Howa,PrimaryArms i Valiant\u00a0 te certificirani zastupnik za Cerakote. &nbsp; &nbsp; &nbsp; \u00a0\u00a0\u00a0\u00a0 &nbsp; \u00a0 \u00a0 \u00a0 \u00a0 \u00a0 \u00a0 \u00a0 \u00a0 [&hellip;]<\/p>","protected":false},"author":1,"featured_media":0,"parent":0,"menu_order":0,"comment_status":"closed","ping_status":"closed","template":"","meta":{"footnotes":""},"class_list":["post-866","page","type-page","status-publish","hentry"],"_links":{"self":[{"href":"http:\/\/www.kavur.hr\/en\/wp-json\/wp\/v2\/pages\/866","targetHints":{"allow":["GET"]}}],"collection":[{"href":"http:\/\/www.kavur.hr\/en\/wp-json\/wp\/v2\/pages"}],"about":[{"href":"http:\/\/www.kavur.hr\/en\/wp-json\/wp\/v2\/types\/page"}],"author":[{"embeddable":true,"href":"http:\/\/www.kavur.hr\/en\/wp-json\/wp\/v2\/users\/1"}],"replies":[{"embeddable":true,"href":"http:\/\/www.kavur.hr\/en\/wp-json\/wp\/v2\/comments?post=866"}],"version-history":[{"count":50,"href":"http:\/\/www.kavur.hr\/en\/wp-json\/wp\/v2\/pages\/866\/revisions"}],"predecessor-version":[{"id":8428,"href":"http:\/\/www.kavur.hr\/en\/wp-json\/wp\/v2\/pages\/866\/revisions\/8428"}],"wp:attachment":[{"href":"http:\/\/www.kavur.hr\/en\/wp-json\/wp\/v2\/media?parent=866"}],"curies":[{"name":"wp","href":"https:\/\/api.w.org\/{rel}","templated":true}]}}